{"id":1447,"date":"2021-07-05T06:31:01","date_gmt":"2021-07-05T06:31:01","guid":{"rendered":"http:\/\/sw-themes.com\/porto_dummy\/?page_id=1447"},"modified":"2025-12-07T20:05:47","modified_gmt":"2025-12-07T20:05:47","slug":"contacto-3","status":"publish","type":"page","link":"https:\/\/partidogaleguista.org\/index.php\/contacto-3\/","title":{"rendered":"Contacto"},"content":{"rendered":"\t\t<div data-elementor-type=\"wp-page\" data-elementor-id=\"1447\" class=\"elementor elementor-1447\">\n\t\t\t\t\t\t<section class=\"elementor-section elementor-top-section elementor-element elementor-element-f034c01 py-4 elementor-section-boxed elementor-section-height-default elementor-section-height-default\" data-id=\"f034c01\" data-element_type=\"section\" data-e-type=\"section\">\n\t\t\t\t\t\t<div class=\"elementor-container elementor-column-gap-default\">\n\t\t\t\t\t<div class=\"elementor-column elementor-col-50 elementor-top-column elementor-element elementor-element-956d630\" data-id=\"956d630\" data-element_type=\"column\" data-e-type=\"column\">\n\t\t\t<div class=\"elementor-widget-wrap elementor-element-populated\">\n\t\t\t\t\t\t<div class=\"elementor-element elementor-element-e341835 elementor-widget elementor-widget-shortcode\" data-id=\"e341835\" data-element_type=\"widget\" data-e-type=\"widget\" data-widget_type=\"shortcode.default\">\n\t\t\t\t\t\t\t<div class=\"elementor-shortcode\">\n<div class=\"wpcf7 no-js\" id=\"wpcf7-f1484-o1\" lang=\"en-US\" dir=\"ltr\" data-wpcf7-id=\"1484\">\n<div class=\"screen-reader-response\"><p role=\"status\" aria-live=\"polite\" aria-atomic=\"true\"><\/p> <ul><\/ul><\/div>\n<form action=\"\/index.php\/wp-json\/wp\/v2\/pages\/1447#wpcf7-f1484-o1\" method=\"post\" class=\"wpcf7-form init\" aria-label=\"Contact form\" novalidate=\"novalidate\" data-status=\"init\">\n<fieldset class=\"hidden-fields-container\"><input type=\"hidden\" name=\"_wpcf7\" value=\"1484\" \/><input type=\"hidden\" name=\"_wpcf7_version\" value=\"6.1.1\" \/><input type=\"hidden\" name=\"_wpcf7_locale\" value=\"en_US\" \/><input type=\"hidden\" name=\"_wpcf7_unit_tag\" value=\"wpcf7-f1484-o1\" \/><input type=\"hidden\" name=\"_wpcf7_container_post\" value=\"0\" \/><input type=\"hidden\" name=\"_wpcf7_posted_data_hash\" value=\"\" \/>\n<\/fieldset>\n<div class=\"row form-contact\">\n\t<div class=\"col-lg-6\">\n\t\t<div class=\"form-group\">\n\t\t\t<p><label for=\"contact-name\" class=\"mb-1 font-size-sm\">Nome<\/label><br \/>\n<span class=\"wpcf7-form-control-wrap\" data-name=\"your-name\"><input size=\"40\" maxlength=\"400\" class=\"wpcf7-form-control wpcf7-text wpcf7-validates-as-required form-control\" id=\"contact-name\" aria-required=\"true\" aria-invalid=\"false\" value=\"\" type=\"text\" name=\"your-name\" \/><\/span>\n\t\t\t<\/p>\n\t\t<\/div>\n\t<\/div>\n\t<div class=\"col-lg-6\">\n\t\t<div class=\"form-group\">\n\t\t\t<p><label for=\"contact-email\" class=\"mb-1 font-size-sm\">Email<\/label><br \/>\n<span class=\"wpcf7-form-control-wrap\" data-name=\"your-email\"><input size=\"40\" maxlength=\"400\" class=\"wpcf7-form-control wpcf7-email wpcf7-validates-as-required wpcf7-text wpcf7-validates-as-email form-control\" id=\"contact-email\" aria-required=\"true\" aria-invalid=\"false\" value=\"\" type=\"email\" name=\"your-email\" \/><\/span>\n\t\t\t<\/p>\n\t\t<\/div>\n\t<\/div>\n\t<div class=\"col-lg-12\">\n\t\t<div class=\"form-group\">\n\t\t\t<p><label for=\"contact-subject\" class=\"mb-1 font-size-sm\">Asunto<\/label><br \/>\n<span class=\"wpcf7-form-control-wrap\" data-name=\"your-subject\"><input size=\"40\" maxlength=\"400\" class=\"wpcf7-form-control wpcf7-text form-control\" id=\"contact-subject\" aria-invalid=\"false\" value=\"\" type=\"text\" name=\"your-subject\" \/><\/span>\n\t\t\t<\/p>\n\t\t<\/div>\n\t<\/div>\n\t<div class=\"col-lg-12\">\n\t\t<div class=\"form-group\">\n\t\t\t<p><label for=\"contact-message\" class=\"mb-1 font-size-sm\">Mensaxe<\/label><br \/>\n<span class=\"wpcf7-form-control-wrap\" data-name=\"your-message\"><textarea cols=\"40\" rows=\"8\" maxlength=\"5000\" class=\"wpcf7-form-control wpcf7-textarea form-control\" id=\"contact-message\" aria-invalid=\"false\" name=\"your-message\"><\/textarea><\/span>\n\t\t\t<\/p>\n\t\t<\/div>\n\t<\/div>\n\t<div class=\"col-lg-12\">\n\t\t<div class=\"form-group\">\n\t\t\t<p><input class=\"wpcf7-form-control wpcf7-submit has-spinner btn btn-primary btn-modern font-size-xs\" type=\"submit\" value=\"Enviar Mensaxe\" \/>\n\t\t\t<\/p>\n\t\t<\/div>\n\t<\/div>\n<\/div><div class=\"wpcf7-response-output\" aria-hidden=\"true\"><\/div>\n<\/form>\n<\/div>\n<\/div>\n\t\t\t\t\t\t<\/div>\n\t\t\t\t\t<\/div>\n\t\t<\/div>\n\t\t\t\t<div class=\"elementor-column elementor-col-50 elementor-top-column elementor-element elementor-element-27e27a3\" data-id=\"27e27a3\" data-element_type=\"column\" data-e-type=\"column\">\n\t\t\t<div class=\"elementor-widget-wrap elementor-element-populated\">\n\t\t\t\t\t\t<div class=\"elementor-element elementor-element-4e17f91 mt-1  elementor-widget elementor-widget-heading\" data-id=\"4e17f91\" data-element_type=\"widget\" data-e-type=\"widget\" data-widget_type=\"heading.default\">\n\t\t\t\t\t<h2 class=\"elementor-heading-title elementor-size-default\"><b>A nosa Sede<\/b><\/h2>\t\t\t\t<\/div>\n\t\t\t\t<div class=\"elementor-element elementor-element-63c1061 with-border elementor-icon-list--layout-traditional elementor-list-item-link-full_width elementor-widget elementor-widget-icon-list\" data-id=\"63c1061\" data-element_type=\"widget\" data-e-type=\"widget\" data-widget_type=\"icon-list.default\">\n\t\t\t\t\t\t\t<ul class=\"elementor-icon-list-items\">\n\t\t\t\t\t\t\t<li class=\"elementor-icon-list-item\">\n\t\t\t\t\t\t\t\t\t\t\t<span class=\"elementor-icon-list-icon\">\n\t\t\t\t\t\t\t<svg aria-hidden=\"true\" class=\"e-font-icon-svg e-fas-map-marker-alt\" viewBox=\"0 0 384 512\" xmlns=\"http:\/\/www.w3.org\/2000\/svg\"><path d=\"M172.268 501.67C26.97 291.031 0 269.413 0 192 0 85.961 85.961 0 192 0s192 85.961 192 192c0 77.413-26.97 99.031-172.268 309.67-9.535 13.774-29.93 13.773-39.464 0zM192 272c44.183 0 80-35.817 80-80s-35.817-80-80-80-80 35.817-80 80 35.817 80 80 80z\"><\/path><\/svg>\t\t\t\t\t\t<\/span>\n\t\t\t\t\t\t\t\t\t\t<span class=\"elementor-icon-list-text\"><b>Enderezo:<\/b> En fase de apertura de sede en Ourense<\/span>\n\t\t\t\t\t\t\t\t\t<\/li>\n\t\t\t\t\t\t\t\t<li class=\"elementor-icon-list-item\">\n\t\t\t\t\t\t\t\t\t\t\t<span class=\"elementor-icon-list-icon\">\n\t\t\t\t\t\t\t<svg aria-hidden=\"true\" class=\"e-font-icon-svg e-fas-phone\" viewBox=\"0 0 512 512\" xmlns=\"http:\/\/www.w3.org\/2000\/svg\"><path d=\"M493.4 24.6l-104-24c-11.3-2.6-22.9 3.3-27.5 13.9l-48 112c-4.2 9.8-1.4 21.3 6.9 28l60.6 49.6c-36 76.7-98.9 140.5-177.2 177.2l-49.6-60.6c-6.8-8.3-18.2-11.1-28-6.9l-112 48C3.9 366.5-2 378.1.6 389.4l24 104C27.1 504.2 36.7 512 48 512c256.1 0 464-207.5 464-464 0-11.2-7.7-20.9-18.6-23.4z\"><\/path><\/svg>\t\t\t\t\t\t<\/span>\n\t\t\t\t\t\t\t\t\t\t<span class=\"elementor-icon-list-text\"><b class=\"text-dark\">Tel\u00e9fono:<\/b> 810 10 13 11<\/span>\n\t\t\t\t\t\t\t\t\t<\/li>\n\t\t\t\t\t\t\t\t<li class=\"elementor-icon-list-item\">\n\t\t\t\t\t\t\t\t\t\t\t<span class=\"elementor-icon-list-icon\">\n\t\t\t\t\t\t\t<svg aria-hidden=\"true\" class=\"e-font-icon-svg e-fas-envelope\" viewBox=\"0 0 512 512\" xmlns=\"http:\/\/www.w3.org\/2000\/svg\"><path d=\"M502.3 190.8c3.9-3.1 9.7-.2 9.7 4.7V400c0 26.5-21.5 48-48 48H48c-26.5 0-48-21.5-48-48V195.6c0-5 5.7-7.8 9.7-4.7 22.4 17.4 52.1 39.5 154.1 113.6 21.1 15.4 56.7 47.8 92.2 47.6 35.7.3 72-32.8 92.3-47.6 102-74.1 131.6-96.3 154-113.7zM256 320c23.2.4 56.6-29.2 73.4-41.4 132.7-96.3 142.8-104.7 173.4-128.7 5.8-4.5 9.2-11.5 9.2-18.9v-19c0-26.5-21.5-48-48-48H48C21.5 64 0 85.5 0 112v19c0 7.4 3.4 14.3 9.2 18.9 30.6 23.9 40.7 32.4 173.4 128.7 16.8 12.2 50.2 41.8 73.4 41.4z\"><\/path><\/svg>\t\t\t\t\t\t<\/span>\n\t\t\t\t\t\t\t\t\t\t<span class=\"elementor-icon-list-text\"><b class=\"text-dark\">Correo:<\/b> <a href=\"mailto:mail@example.com\" class=\"d-inline\">falamos@partidogaleguista.org<\/a><\/span>\n\t\t\t\t\t\t\t\t\t<\/li>\n\t\t\t\t\t\t<\/ul>\n\t\t\t\t\t\t<\/div>\n\t\t\t\t<div class=\"elementor-element elementor-element-1b74266 elementor-widget elementor-widget-heading\" data-id=\"1b74266\" data-element_type=\"widget\" data-e-type=\"widget\" data-widget_type=\"heading.default\">\n\t\t\t\t\t<h2 class=\"elementor-heading-title elementor-size-default\"><b>Horario<\/b><\/h2>\t\t\t\t<\/div>\n\t\t\t\t<div class=\"elementor-element elementor-element-86e6eff elementor-icon-list--layout-traditional elementor-list-item-link-full_width elementor-widget elementor-widget-icon-list\" data-id=\"86e6eff\" data-element_type=\"widget\" data-e-type=\"widget\" data-widget_type=\"icon-list.default\">\n\t\t\t\t\t\t\t<ul class=\"elementor-icon-list-items\">\n\t\t\t\t\t\t\t<li class=\"elementor-icon-list-item\">\n\t\t\t\t\t\t\t\t\t\t\t<span class=\"elementor-icon-list-icon\">\n\t\t\t\t\t\t\t<svg aria-hidden=\"true\" class=\"e-font-icon-svg e-far-clock\" viewBox=\"0 0 512 512\" xmlns=\"http:\/\/www.w3.org\/2000\/svg\"><path d=\"M256 8C119 8 8 119 8 256s111 248 248 248 248-111 248-248S393 8 256 8zm0 448c-110.5 0-200-89.5-200-200S145.5 56 256 56s200 89.5 200 200-89.5 200-200 200zm61.8-104.4l-84.9-61.7c-3.1-2.3-4.9-5.9-4.9-9.7V116c0-6.6 5.4-12 12-12h32c6.6 0 12 5.4 12 12v141.7l66.8 48.6c5.4 3.9 6.5 11.4 2.6 16.8L334.6 349c-3.9 5.3-11.4 6.5-16.8 2.6z\"><\/path><\/svg>\t\t\t\t\t\t<\/span>\n\t\t\t\t\t\t\t\t\t\t<span class=\"elementor-icon-list-text\">Luns a venres - 9:00 a 14:00 \/ 16:00 a 20:00<\/span>\n\t\t\t\t\t\t\t\t\t<\/li>\n\t\t\t\t\t\t\t\t<li class=\"elementor-icon-list-item\">\n\t\t\t\t\t\t\t\t\t\t\t<span class=\"elementor-icon-list-icon\">\n\t\t\t\t\t\t\t<svg aria-hidden=\"true\" class=\"e-font-icon-svg e-far-clock\" viewBox=\"0 0 512 512\" xmlns=\"http:\/\/www.w3.org\/2000\/svg\"><path d=\"M256 8C119 8 8 119 8 256s111 248 248 248 248-111 248-248S393 8 256 8zm0 448c-110.5 0-200-89.5-200-200S145.5 56 256 56s200 89.5 200 200-89.5 200-200 200zm61.8-104.4l-84.9-61.7c-3.1-2.3-4.9-5.9-4.9-9.7V116c0-6.6 5.4-12 12-12h32c6.6 0 12 5.4 12 12v141.7l66.8 48.6c5.4 3.9 6.5 11.4 2.6 16.8L334.6 349c-3.9 5.3-11.4 6.5-16.8 2.6z\"><\/path><\/svg>\t\t\t\t\t\t<\/span>\n\t\t\t\t\t\t\t\t\t\t<span class=\"elementor-icon-list-text\">Fins de semana - pechado<\/span>\n\t\t\t\t\t\t\t\t\t<\/li>\n\t\t\t\t\t\t<\/ul>\n\t\t\t\t\t\t<\/div>\n\t\t\t\t\t<\/div>\n\t\t<\/div>\n\t\t\t\t\t<\/div>\n\t\t<\/section>\n\t\t<div class=\"elementor-element elementor-element-9372a9b e-flex e-con-boxed e-con e-parent\" data-id=\"9372a9b\" data-element_type=\"container\" data-e-type=\"container\">\n\t\t\t\t\t<div class=\"e-con-inner\">\n\t\t\t\t<div class=\"elementor-element elementor-element-90e9287 elementor-widget elementor-widget-text-editor\" data-id=\"90e9287\" data-element_type=\"widget\" data-e-type=\"widget\" data-widget_type=\"text-editor.default\">\n\t\t\t\t\t\t\t\t\t<p data-start=\"216\" data-end=\"278\"><strong data-start=\"216\" data-end=\"278\">Informaci\u00f3n sobre Protecci\u00f3n de Datos &#8211; Partido Galeguista<\/strong><\/p><p data-start=\"280\" data-end=\"546\">En cumprimento do disposto no Regulamento (UE) 2016\/679 do Parlamento Europeo e do Consello, do 27 de abril de 2016 (RGPD), e na Lei Org\u00e1nica 3\/2018, do 5 de decembro, de Protecci\u00f3n de Datos Persoais e garant\u00eda dos dereitos dixitais (LOPDGDD), inf\u00f3rmase do seguinte:<\/p><p data-start=\"548\" data-end=\"749\"><strong data-start=\"548\" data-end=\"578\">Responsable do tratamento:<\/strong><br \/>Partido Galeguista<br data-start=\"597\" data-end=\"600\" \/>Enderezo: Praza da Quintana n\u00ba3, 15704 Santiago de Compostela (A Coru\u00f1a)<br data-start=\"672\" data-end=\"675\" \/>Tel\u00e9fono: 810 10 13 11<br data-start=\"697\" data-end=\"700\" \/>Correo electr\u00f3nico: <a class=\"cursor-pointer\" rel=\"noopener\" data-start=\"720\" data-end=\"749\">falamos@partidogaleguista.org<\/a><\/p><p data-start=\"751\" data-end=\"1138\"><strong data-start=\"751\" data-end=\"780\">Finalidade do tratamento:<\/strong><br data-start=\"780\" data-end=\"783\" \/>Os datos persoais recollidos mediante este formulario ser\u00e1n tratados co \u00fanico fin de xestionar a s\u00faa solicitude, responder \u00e1s consultas formuladas, facilitar informaci\u00f3n relacionada coa actividade do Partido Galeguista, e\/ou realizar comunicaci\u00f3ns de car\u00e1cter pol\u00edtico ou institucional, sempre dentro do marco da nosa actividade e principios fundacionais.<\/p><p data-start=\"1140\" data-end=\"1356\"><strong data-start=\"1140\" data-end=\"1157\">Lexitimaci\u00f3n:<\/strong><br data-start=\"1157\" data-end=\"1160\" \/>O tratamento bas\u00e9ase no consentimento da persoa interesada, que poder\u00e1 ser retirado en calquera momento, sen que iso afecte \u00e1 licitude do tratamento baseado no consentimento previo \u00e1 s\u00faa retirada.<\/p><p data-start=\"1358\" data-end=\"1476\"><strong data-start=\"1358\" data-end=\"1376\">Destinatarios:<\/strong><br data-start=\"1376\" data-end=\"1379\" \/>Non se ceder\u00e1n datos a terceiros ag\u00e1s obriga legal ou consentimento expreso da persoa interesada.<\/p><p data-start=\"1478\" data-end=\"1935\"><strong data-start=\"1478\" data-end=\"1515\">Dereitos das persoas interesadas:<\/strong><br data-start=\"1515\" data-end=\"1518\" \/>Pode exercer os seus dereitos de acceso, rectificaci\u00f3n, supresi\u00f3n, limitaci\u00f3n, oposici\u00f3n e portabilidade dos seus datos dirix\u00edndose por escrito ao Partido Galeguista, no enderezo indicado ou a trav\u00e9s do correo electr\u00f3nico <a class=\"cursor-pointer\" rel=\"noopener\" data-start=\"1740\" data-end=\"1769\">falamos@partidogaleguista.com<\/a>. As\u00ed mesmo, ten dereito a presentar unha reclamaci\u00f3n diante da Axencia Espa\u00f1ola de Protecci\u00f3n de Datos (<a class=\"\" href=\"http:\/\/www.aepd.es\" target=\"_new\" rel=\"noopener\" data-start=\"1874\" data-end=\"1885\">www.aepd.es<\/a>) se considera que se vulneraron os seus dereitos.<\/p><p data-start=\"1937\" data-end=\"2160\"><strong data-start=\"1937\" data-end=\"1963\">Prazo de conservaci\u00f3n:<\/strong><br data-start=\"1963\" data-end=\"1966\" \/>Os datos conservaranse durante o tempo necesario para cumprir coa finalidade para a cal foron recollidos, e mentres non se solicite a s\u00faa supresi\u00f3n ou cancelaci\u00f3n por parte da persoa interesada.<\/p><p data-start=\"2162\" data-end=\"2372\"><strong data-start=\"2162\" data-end=\"2180\">Consentimento:<\/strong><br data-start=\"2180\" data-end=\"2183\" \/>Ao cubrir e enviar este formulario, vostede presta o seu consentimento libre, espec\u00edfico, informado e inequ\u00edvoco para o tratamento dos seus datos persoais conforme ao exposto anteriormente.<\/p>\t\t\t\t\t\t\t\t<\/div>\n\t\t\t\t\t<\/div>\n\t\t\t\t<\/div>\n\t\t\t\t<\/div>\n\t\t","protected":false},"excerpt":{"rendered":"<p>A nosa Sede Enderezo: En fase de apertura de sede en Ourense Tel\u00e9fono: 810 10 13 11 Correo: falamos@partidogaleguista.org Horario Luns a venres &#8211; 9:00 a 14:00 \/ 16:00 a 20:00 Fins de semana &#8211; pechado Informaci\u00f3n sobre Protecci\u00f3n de Datos &#8211; Partido Galeguista En cumprimento do disposto no Regulamento (UE) 2016\/679 do Parlamento Europeo [&hellip;]<\/p>\n","protected":false},"author":1,"featured_media":0,"parent":0,"menu_order":0,"comment_status":"closed","ping_status":"closed","template":"","meta":{"saved_in_kubio":false,"footnotes":""},"class_list":["post-1447","page","type-page","status-publish","hentry"],"kubio_ai_page_context":{"short_desc":"","purpose":"general"},"_links":{"self":[{"href":"https:\/\/partidogaleguista.org\/index.php\/wp-json\/wp\/v2\/pages\/1447","targetHints":{"allow":["GET"]}}],"collection":[{"href":"https:\/\/partidogaleguista.org\/index.php\/wp-json\/wp\/v2\/pages"}],"about":[{"href":"https:\/\/partidogaleguista.org\/index.php\/wp-json\/wp\/v2\/types\/page"}],"author":[{"embeddable":true,"href":"https:\/\/partidogaleguista.org\/index.php\/wp-json\/wp\/v2\/users\/1"}],"replies":[{"embeddable":true,"href":"https:\/\/partidogaleguista.org\/index.php\/wp-json\/wp\/v2\/comments?post=1447"}],"version-history":[{"count":5,"href":"https:\/\/partidogaleguista.org\/index.php\/wp-json\/wp\/v2\/pages\/1447\/revisions"}],"predecessor-version":[{"id":7341,"href":"https:\/\/partidogaleguista.org\/index.php\/wp-json\/wp\/v2\/pages\/1447\/revisions\/7341"}],"wp:attachment":[{"href":"https:\/\/partidogaleguista.org\/index.php\/wp-json\/wp\/v2\/media?parent=1447"}],"curies":[{"name":"wp","href":"https:\/\/api.w.org\/{rel}","templated":true}]}}